{"id":37139,"date":"2020-05-16T09:01:45","date_gmt":"2020-05-16T09:01:45","guid":{"rendered":"https:\/\/theme-dev.cmsmasters.net\/dentalist\/?page_id=27"},"modified":"2025-10-08T20:00:23","modified_gmt":"2025-10-08T23:00:23","slug":"contacts","status":"publish","type":"page","link":"https:\/\/constantphysio.co.uk\/?page_id=37139","title":{"rendered":"Contacts"},"content":{"rendered":"\t\t<div data-elementor-type=\"wp-page\" data-elementor-id=\"37139\" class=\"elementor elementor-37139\" data-elementor-post-type=\"page\">\n\t\t\t\t<div class=\"elementor-element elementor-element-1e9d3be e-con-full e-flex cmsmasters-block-default e-con e-parent\" data-id=\"1e9d3be\" data-element_type=\"container\" data-e-type=\"container\" data-settings=\"{&quot;background_background&quot;:&quot;classic&quot;}\">\n\t\t<div class=\"elementor-element elementor-element-9513723 e-con-full e-flex cmsmasters-bg-hide-none cmsmasters-bg-hide-none cmsmasters-block-default e-con e-child\" data-id=\"9513723\" data-element_type=\"container\" data-e-type=\"container\" data-settings=\"{&quot;background_background&quot;:&quot;classic&quot;}\">\n\t\t\t\t<div class=\"elementor-element elementor-element-bbf615d cmsmasters-block-default cmsmasters-sticky-default elementor-widget elementor-widget-heading\" data-id=\"bbf615d\" data-element_type=\"widget\" data-e-type=\"widget\" data-widget_type=\"heading.default\">\n\t\t\t\t<div class=\"elementor-widget-container\">\n\t\t\t\t\t<h6 class=\"elementor-heading-title elementor-size-default\">Contact Us<\/h6>\t\t\t\t<\/div>\n\t\t\t\t<\/div>\n\t\t\t\t<div class=\"elementor-element elementor-element-0074a0e elementor-widget__width-initial elementor-widget-tablet__width-inherit cmsmasters-block-default cmsmasters-sticky-default elementor-widget elementor-widget-heading\" data-id=\"0074a0e\" data-element_type=\"widget\" data-e-type=\"widget\" data-widget_type=\"heading.default\">\n\t\t\t\t<div class=\"elementor-widget-container\">\n\t\t\t\t\t<h1 class=\"elementor-heading-title elementor-size-default\">Contact Us Easily Online, by Phone or by Dropping In<\/h1>\t\t\t\t<\/div>\n\t\t\t\t<\/div>\n\t\t<div class=\"elementor-element elementor-element-6a054ca e-con-full e-flex cmsmasters-block-default e-con e-child\" data-id=\"6a054ca\" data-element_type=\"container\" data-e-type=\"container\">\n\t\t\t\t<div class=\"elementor-element elementor-element-5f789e1 cmsmasters-icon-arrangement-together cmsmasters-block-default cmsmasters-sticky-default elementor-widget elementor-widget-cmsmasters-button\" data-id=\"5f789e1\" data-element_type=\"widget\" data-e-type=\"widget\" data-widget_type=\"cmsmasters-button.default\">\n\t\t\t\t<div class=\"elementor-widget-container\">\n\t\t\t\t\t<div class=\"elementor-widget-cmsmasters-button__button-container\"><div class=\"elementor-widget-cmsmasters-button__button-container-inner\"><a href=\"https:\/\/calendly.com\/constantphysio-info-b9u1\/30min?month=2025-10\" class=\"cmsmasters-button-link elementor-widget-cmsmasters-button__button cmsmasters-icon-view-default cmsmasters-icon-shape- cmsmasters-button-size-sm\" role=\"button\"><span class=\"elementor-widget-cmsmasters-button__content-wrapper cmsmasters-align-icon-right\"><span class=\"elementor-widget-cmsmasters-button__icon\"><i aria-hidden=\"true\" class=\"cmsmsdemo-icon- cmsms-demo-icon-bullet\"><\/i><\/span><span class=\"elementor-widget-cmsmasters-button__text\">Book Your session<\/span><\/span><\/a><\/div><\/div>\t\t\t\t<\/div>\n\t\t\t\t<\/div>\n\t\t\t\t<div class=\"elementor-element elementor-element-5eecca2 cmsmasters-featured-box__graphic-align-left elementor-widget__width-initial cmsmasters-featured-box__link-box cmsmasters-featured-box__image_fit-none cmsmasters-featured-box__graphic-position-column cmsmasters-featured-box__graphic-position-tablet-column cmsmasters-featured-box__graphic-position-mobile-column cmsmasters-featured-box__text-valign-middle cmsmasters-block-default cmsmasters-sticky-default elementor-widget elementor-widget-cmsmasters-featured-box\" data-id=\"5eecca2\" data-element_type=\"widget\" data-e-type=\"widget\" data-widget_type=\"cmsmasters-featured-box.default\">\n\t\t\t\t<div class=\"elementor-widget-container\">\n\t\t\t\t\t<a href=\"tel:1-800-123-1234\" class=\"elementor-widget-cmsmasters-featured-box__wrapper\"><div class=\"elementor-widget-cmsmasters-featured-box__content\">\n\t\t\t\t<div class=\"elementor-widget-cmsmasters-featured-box__content-vertical-inner\"><div class=\"elementor-widget-cmsmasters-featured-box__type-wrap elementor-widget-cmsmasters-featured-box__content-item\"><div class=\"elementor-widget-cmsmasters-featured-box__title elementor-widget-cmsmasters-featured-box__content-item\">Give Us a Call:<\/div><div class=\"elementor-widget-cmsmasters-featured-box__description elementor-widget-cmsmasters-featured-box__content-item\">07850 446690<\/div><\/div>\n\t\t\t\t<\/div>\n\t\t\t<\/div>\n\t\t<\/a>\t\t\t\t<\/div>\n\t\t\t\t<\/div>\n\t\t\t\t<\/div>\n\t\t\t\t<\/div>\n\t\t\t\t<\/div>\n\t\t<div class=\"elementor-element elementor-element-7c482df e-flex e-con-boxed cmsmasters-block-default e-con e-parent\" data-id=\"7c482df\" data-element_type=\"container\" data-e-type=\"container\">\n\t\t\t\t\t<div class=\"e-con-inner\">\n\t\t<div class=\"elementor-element elementor-element-e3ab44d e-con-full e-flex cmsmasters-block-default e-con e-child\" data-id=\"e3ab44d\" data-element_type=\"container\" data-e-type=\"container\">\n\t\t\t\t<div class=\"elementor-element elementor-element-ce6774a elementor-widget__width-initial cmsmasters-block-default cmsmasters-sticky-default elementor-widget elementor-widget-heading\" data-id=\"ce6774a\" data-element_type=\"widget\" data-e-type=\"widget\" data-widget_type=\"heading.default\">\n\t\t\t\t<div class=\"elementor-widget-container\">\n\t\t\t\t\t<h2 class=\"elementor-heading-title elementor-size-default\">Contact Information<\/h2>\t\t\t\t<\/div>\n\t\t\t\t<\/div>\n\t\t\t\t<div class=\"elementor-element elementor-element-7dbf9ca cmsmasters-block-default cmsmasters-sticky-default elementor-widget elementor-widget-heading\" data-id=\"7dbf9ca\" data-element_type=\"widget\" data-e-type=\"widget\" data-widget_type=\"heading.default\">\n\t\t\t\t<div class=\"elementor-widget-container\">\n\t\t\t\t\t<p class=\"elementor-heading-title elementor-size-default\">Don\u2019t let pain or restriction hold you back. We make booking easy and recovery even easier.\n<\/br>\n<\/br>\n\ud83d\udce9 Email: info@constantphysio.co.uk<\/p>\t\t\t\t<\/div>\n\t\t\t\t<\/div>\n\t\t<div class=\"elementor-element elementor-element-b838961 e-flex e-con-boxed cmsmasters-block-default e-con e-child\" data-id=\"b838961\" data-element_type=\"container\" data-e-type=\"container\">\n\t\t\t\t\t<div class=\"e-con-inner\">\n\t\t<div class=\"elementor-element elementor-element-282471d e-con-full e-flex cmsmasters-block-default e-con e-child\" data-id=\"282471d\" data-element_type=\"container\" data-e-type=\"container\">\n\t\t\t\t<div class=\"elementor-element elementor-element-41b5eda cmsmasters-block-default cmsmasters-sticky-default elementor-widget elementor-widget-heading\" data-id=\"41b5eda\" data-element_type=\"widget\" data-e-type=\"widget\" data-widget_type=\"heading.default\">\n\t\t\t\t<div class=\"elementor-widget-container\">\n\t\t\t\t\t<h6 class=\"elementor-heading-title elementor-size-default\">Address:<\/h6>\t\t\t\t<\/div>\n\t\t\t\t<\/div>\n\t\t\t\t<div class=\"elementor-element elementor-element-036966d cmsmasters-block-default cmsmasters-sticky-default elementor-widget elementor-widget-text-editor\" data-id=\"036966d\" data-element_type=\"widget\" data-e-type=\"widget\" data-widget_type=\"text-editor.default\">\n\t\t\t\t<div class=\"elementor-widget-container\">\n\t\t\t\t\t\t\t\t\t<p>\ud83d\udccd <strong>Clinic Address:<\/strong><\/p><p>11 Artisan Apartments <br \/>London | E15 2ZF<\/p><p><!-- notionvc: 4b1d9e64-6fca-4108-b03f-2922ca58bfb4 --><br \/><!-- notionvc: 331e4881-3786-4384-96d2-88f9c344dca0 --><\/p>\t\t\t\t\t\t\t\t<\/div>\n\t\t\t\t<\/div>\n\t\t\t\t<\/div>\n\t\t<div class=\"elementor-element elementor-element-29770cd e-con-full e-flex cmsmasters-block-default e-con e-child\" data-id=\"29770cd\" data-element_type=\"container\" data-e-type=\"container\">\n\t\t\t\t<div class=\"elementor-element elementor-element-c108f7d cmsmasters-block-default cmsmasters-sticky-default elementor-widget elementor-widget-heading\" data-id=\"c108f7d\" data-element_type=\"widget\" data-e-type=\"widget\" data-widget_type=\"heading.default\">\n\t\t\t\t<div class=\"elementor-widget-container\">\n\t\t\t\t\t<h6 class=\"elementor-heading-title elementor-size-default\">Open:<\/h6>\t\t\t\t<\/div>\n\t\t\t\t<\/div>\n\t\t\t\t<div class=\"elementor-element elementor-element-c2d73c5 cmsmasters-block-default cmsmasters-sticky-default elementor-widget elementor-widget-text-editor\" data-id=\"c2d73c5\" data-element_type=\"widget\" data-e-type=\"widget\" data-widget_type=\"text-editor.default\">\n\t\t\t\t<div class=\"elementor-widget-container\">\n\t\t\t\t\t\t\t\t\t<p>Monday \u2013 Friday: 5:30pm \u2013 9:00pm<\/p><p>Saturday \u2013 Sunday: 9:00am \u2013 5:00pm<\/p>\t\t\t\t\t\t\t\t<\/div>\n\t\t\t\t<\/div>\n\t\t\t\t<\/div>\n\t\t\t\t\t<\/div>\n\t\t\t\t<\/div>\n\t\t\t\t<\/div>\n\t\t\t\t<div class=\"elementor-element elementor-element-d4f823d cmsmasters-block-default cmsmasters-sticky-default elementor-widget elementor-widget-image\" data-id=\"d4f823d\" data-element_type=\"widget\" data-e-type=\"widget\" data-widget_type=\"image.default\">\n\t\t\t\t<div class=\"elementor-widget-container\">\n\t\t\t\t\t\t\t\t\t\t\t\t\t\t\t<img fetchpriority=\"high\" decoding=\"async\" width=\"610\" height=\"361\" src=\"https:\/\/constantphysio.co.uk\/wp-content\/uploads\/2024\/11\/53-contacts-2-30x18.webp\" class=\"attachment-full size-full wp-image-40938 cmsmasters_img cmsmasters-lazyload lazyload\" alt=\"\" data-sizes=\"(max-width: 610px) 100vw, 610px\" data-src=\"https:\/\/constantphysio.co.uk\/wp-content\/uploads\/2024\/11\/53-contacts-2.webp\" data-srcset=\"https:\/\/constantphysio.co.uk\/wp-content\/uploads\/2024\/11\/53-contacts-2.webp 610w, https:\/\/constantphysio.co.uk\/wp-content\/uploads\/2024\/11\/53-contacts-2-600x355.webp 600w, https:\/\/constantphysio.co.uk\/wp-content\/uploads\/2024\/11\/53-contacts-2-300x178.webp 300w, https:\/\/constantphysio.co.uk\/wp-content\/uploads\/2024\/11\/53-contacts-2-507x300.webp 507w, https:\/\/constantphysio.co.uk\/wp-content\/uploads\/2024\/11\/53-contacts-2-30x18.webp 30w, https:\/\/constantphysio.co.uk\/wp-content\/uploads\/2024\/11\/53-contacts-2-17x10.webp 17w\" srcset=\"https:\/\/constantphysio.co.uk\/wp-content\/uploads\/2024\/11\/53-contacts-2-30x18.webp 30w, https:\/\/constantphysio.co.uk\/wp-content\/uploads\/2024\/11\/53-contacts-2-600x355.webp 600w, https:\/\/constantphysio.co.uk\/wp-content\/uploads\/2024\/11\/53-contacts-2-300x178.webp 300w, https:\/\/constantphysio.co.uk\/wp-content\/uploads\/2024\/11\/53-contacts-2-507x300.webp 507w, https:\/\/constantphysio.co.uk\/wp-content\/uploads\/2024\/11\/53-contacts-2-17x10.webp 17w, https:\/\/constantphysio.co.uk\/wp-content\/uploads\/2024\/11\/53-contacts-2.webp 610w\" sizes=\"(max-width: 610px) 100vw, 610px\" \/>\t\t\t\t\t\t\t\t\t\t\t\t\t\t\t<\/div>\n\t\t\t\t<\/div>\n\t\t<section class=\"elementor-element elementor-element-5cd393f e-con-full e-flex cmsmasters-block-default e-con e-child\" data-id=\"5cd393f\" data-element_type=\"container\" data-e-type=\"container\" data-settings=\"{&quot;background_background&quot;:&quot;classic&quot;}\">\n\t\t\t\t<div class=\"elementor-element elementor-element-d29c50f elementor-button-align-stretch cmsmasters-block-default cmsmasters-sticky-default elementor-widget elementor-widget-form\" data-id=\"d29c50f\" data-element_type=\"widget\" data-e-type=\"widget\" data-settings=\"{&quot;step_next_label&quot;:&quot;Next&quot;,&quot;step_previous_label&quot;:&quot;Previous&quot;,&quot;button_width&quot;:&quot;100&quot;,&quot;step_type&quot;:&quot;number_text&quot;,&quot;step_icon_shape&quot;:&quot;circle&quot;}\" data-widget_type=\"form.default\">\n\t\t\t\t<div class=\"elementor-widget-container\">\n\t\t\t\t\t\t\t<form class=\"elementor-form\" method=\"post\" name=\"New Form\">\n\t\t\t<input type=\"hidden\" name=\"post_id\" value=\"37139\"\/>\n\t\t\t<input type=\"hidden\" name=\"form_id\" value=\"d29c50f\"\/>\n\t\t\t<input type=\"hidden\" name=\"referer_title\" value=\"Contacts\" \/>\n\n\t\t\t\t\t\t\t<input type=\"hidden\" name=\"queried_id\" value=\"37139\"\/>\n\t\t\t\n\t\t\t<div class=\"elementor-form-fields-wrapper elementor-labels-above\">\n\t\t\t\t\t\t\t\t<div class=\"elementor-field-type-text elementor-field-group elementor-column elementor-field-group-name elementor-col-100\">\n\t\t\t\t\t\t\t\t\t\t\t\t<label for=\"form-field-name\" class=\"elementor-field-label\">\n\t\t\t\t\t\t\t\tName\t\t\t\t\t\t\t<\/label>\n\t\t\t\t\t\t\t\t\t\t\t\t\t\t<input size=\"1\" type=\"text\" name=\"form_fields[name]\" id=\"form-field-name\" class=\"elementor-field elementor-size-sm  elementor-field-textual\" placeholder=\"Name\">\n\t\t\t\t\t\t\t\t\t\t\t<\/div>\n\t\t\t\t\t\t\t\t<div class=\"elementor-field-type-email elementor-field-group elementor-column elementor-field-group-email elementor-col-100 elementor-field-required\">\n\t\t\t\t\t\t\t\t\t\t\t\t<label for=\"form-field-email\" class=\"elementor-field-label\">\n\t\t\t\t\t\t\t\tEmail\t\t\t\t\t\t\t<\/label>\n\t\t\t\t\t\t\t\t\t\t\t\t\t\t<input size=\"1\" type=\"email\" name=\"form_fields[email]\" id=\"form-field-email\" class=\"elementor-field elementor-size-sm  elementor-field-textual\" placeholder=\"Email\" required=\"required\">\n\t\t\t\t\t\t\t\t\t\t\t<\/div>\n\t\t\t\t\t\t\t\t<div class=\"elementor-field-type-textarea elementor-field-group elementor-column elementor-field-group-message elementor-col-100\">\n\t\t\t\t\t\t\t\t\t\t\t\t<label for=\"form-field-message\" class=\"elementor-field-label\">\n\t\t\t\t\t\t\t\tMessage\t\t\t\t\t\t\t<\/label>\n\t\t\t\t\t\t<textarea class=\"elementor-field-textual elementor-field  elementor-size-sm\" name=\"form_fields[message]\" id=\"form-field-message\" rows=\"4\" placeholder=\"Message\"><\/textarea>\t\t\t\t<\/div>\n\t\t\t\t\t\t\t\t<div class=\"elementor-field-type-html elementor-field-group elementor-column elementor-field-group-field_cf092d2 elementor-col-100\">\n\t\t\t\t\tAppointments must be cancelled or rescheduled at least 24 hours in advance. Cancellations made within 24 hours of the appointment may be subject to a charge.\n\t\t\t\t<\/div>\n\t\t\t\t\t\t\t\t<div class=\"elementor-field-type-recaptcha_v3 elementor-field-group elementor-column elementor-field-group-field_c7aeef9 elementor-col-100 recaptcha_v3-inline\">\n\t\t\t\t\t<div class=\"elementor-field\" id=\"form-field-field_c7aeef9\"><div class=\"elementor-g-recaptcha\" data-sitekey=\"6LdPJeMrAAAAAMPQ1TsEZ2GBKNezqdlOmFiLrBkK\" data-type=\"v3\" data-action=\"Form\" data-badge=\"inline\" data-size=\"invisible\"><\/div><\/div>\t\t\t\t<\/div>\n\t\t\t\t\t\t\t\t<div class=\"elementor-field-group elementor-column elementor-field-type-submit elementor-col-100 e-form__buttons\">\n\t\t\t\t\t<button class=\"elementor-button elementor-size-sm\" type=\"submit\">\n\t\t\t\t\t\t<span class=\"elementor-button-content-wrapper\">\n\t\t\t\t\t\t\t\t\t\t\t\t\t\t\t\t\t\t\t\t\t\t<span class=\"elementor-button-text\">Send<\/span>\n\t\t\t\t\t\t\t\t\t\t\t\t\t<\/span>\n\t\t\t\t\t<\/button>\n\t\t\t\t<\/div>\n\t\t\t<\/div>\n\t\t<\/form>\n\t\t\t\t\t\t<\/div>\n\t\t\t\t<\/div>\n\t\t\t\t<div class=\"elementor-element elementor-element-a960d14 elementor-align-justify elementor-widget__width-inherit cmsmasters-block-default cmsmasters-sticky-default elementor-widget elementor-widget-button\" data-id=\"a960d14\" data-element_type=\"widget\" data-e-type=\"widget\" data-widget_type=\"button.default\">\n\t\t\t\t<div class=\"elementor-widget-container\">\n\t\t\t\t\t\t\t\t\t<div class=\"elementor-button-wrapper\">\n\t\t\t\t\t<a class=\"elementor-button elementor-button-link elementor-size-sm\" href=\"http:\/\/wa.me\/447850446690\">\n\t\t\t\t\t\t<span class=\"elementor-button-content-wrapper\">\n\t\t\t\t\t\t\t\t\t<span class=\"elementor-button-text\">WhatsApp<\/span>\n\t\t\t\t\t<\/span>\n\t\t\t\t\t<\/a>\n\t\t\t\t<\/div>\n\t\t\t\t\t\t\t\t<\/div>\n\t\t\t\t<\/div>\n\t\t\t\t<\/section>\n\t\t\t\t<div class=\"elementor-element elementor-element-783a46f elementor-widget__width-initial cmsmasters-block-default cmsmasters-sticky-default elementor-widget elementor-widget-html\" data-id=\"783a46f\" data-element_type=\"widget\" data-e-type=\"widget\" data-widget_type=\"html.default\">\n\t\t\t\t<div class=\"elementor-widget-container\">\n\t\t\t\t\t<div style=\"text-align: center;\">\r\n\r\n  \r\n  <!-- Mapa incorporado -->\r\n  <iframe \r\n    src=\"https:\/\/www.google.com\/maps?q=11+Artisan+Apartments,+London,+E15+2ZF&output=embed\" \r\n    width=\"100%\" \r\n    height=\"400\" \r\n    style=\"border:0; border-radius: 12px;\" \r\n    allowfullscreen=\"\" \r\n    loading=\"lazy\"\r\n    referrerpolicy=\"no-referrer-when-downgrade\">\r\n  <\/iframe>\r\n  \r\n  <!-- Bot\u00e3o de dire\u00e7\u00f5es -->\r\n  <a \r\n    href=\"https:\/\/maps.app.goo.gl\/sBovCX1bHU5oiVWf9?g_st=ipc\" \r\n    target=\"_blank\" \r\n    style=\"display: inline-block; margin-top: 15px; background-color: #AF51AD; color: white; padding: 10px 20px; border-radius: 6px; text-decoration: none; font-weight: 500;\">\r\n    Get directions\r\n  <\/a>\r\n  \r\n  <!-- Endere\u00e7o opcional abaixo -->\r\n  <p style=\"margin-top: 10px; color: #555;\">\r\n    11 Artisan Apartments, London, E15 2ZF\r\n  <\/p>\r\n<\/div>\r\n\t\t\t\t<\/div>\n\t\t\t\t<\/div>\n\t\t\t\t\t<\/div>\n\t\t\t\t<\/div>\n\t\t\t\t<\/div>\n\t\t","protected":false},"excerpt":{"rendered":"<p>Contact Us Contact Us Easily Online, by Phone or by Dropping In Book Your session Give Us a Call:07850 446690 Contact Information Don\u2019t let pain or restriction hold you back. We make booking easy and recovery even easier. \ud83d\udce9 Email: info@constantphysio.co.uk Address: \ud83d\udccd Clinic Address: 11 Artisan Apartments London | E15 2ZF Open: Monday \u2013&#8230;<\/p>\n","protected":false},"author":1,"featured_media":0,"parent":0,"menu_order":0,"comment_status":"closed","ping_status":"closed","template":"","meta":{"_acf_changed":false,"footnotes":""},"class_list":["post-37139","page","type-page","status-publish","hentry"],"acf":[],"_links":{"self":[{"href":"https:\/\/constantphysio.co.uk\/index.php?rest_route=\/wp\/v2\/pages\/37139","targetHints":{"allow":["GET"]}}],"collection":[{"href":"https:\/\/constantphysio.co.uk\/index.php?rest_route=\/wp\/v2\/pages"}],"about":[{"href":"https:\/\/constantphysio.co.uk\/index.php?rest_route=\/wp\/v2\/types\/page"}],"author":[{"embeddable":true,"href":"https:\/\/constantphysio.co.uk\/index.php?rest_route=\/wp\/v2\/users\/1"}],"replies":[{"embeddable":true,"href":"https:\/\/constantphysio.co.uk\/index.php?rest_route=%2Fwp%2Fv2%2Fcomments&post=37139"}],"version-history":[{"count":38,"href":"https:\/\/constantphysio.co.uk\/index.php?rest_route=\/wp\/v2\/pages\/37139\/revisions"}],"predecessor-version":[{"id":45024,"href":"https:\/\/constantphysio.co.uk\/index.php?rest_route=\/wp\/v2\/pages\/37139\/revisions\/45024"}],"wp:attachment":[{"href":"https:\/\/constantphysio.co.uk\/index.php?rest_route=%2Fwp%2Fv2%2Fmedia&parent=37139"}],"curies":[{"name":"wp","href":"https:\/\/api.w.org\/{rel}","templated":true}]}}